{"id":392,"date":"2017-09-19T10:09:39","date_gmt":"2017-09-19T10:09:39","guid":{"rendered":"https:\/\/inopai.com\/page\/?page_id=392"},"modified":"2018-05-22T16:29:58","modified_gmt":"2018-05-22T16:29:58","slug":"impressum","status":"publish","type":"page","link":"https:\/\/inopai.com\/page\/impressum\/","title":{"rendered":"Impressum"},"content":{"rendered":"<p>Dieses Impressum nach \u00a7 5 TMG gilt f\u00fcr die Internetpr\u00e4senzen <a href=\"http:\/\/netsyno.com\/\">http:\/\/netsyno.com\/<\/a> <a href=\"http:\/\/trip-app.com\/\">http:\/\/www.inopai.com<\/a>, <a href=\"http:\/\/fb.com\/netsyno\/\">http:\/\/fb.com\/netsyno\/<\/a> <a href=\"http:\/\/fb.com\/inopaisoftware\/\" target=\"_blank\" rel=\"noopener\">http:\/\/fb.com\/inopaisoftware\/<\/a>.<\/p>\n<p>Firma:<br \/>\nNETSYNO Software GmbH<\/p>\n<p>Elektronische Kontaktaufnahme:<br \/>\nE-Mail: info@netsyno.com<br \/>\nInternet: http:\/\/netsyno.com<br \/>\nH\u00e4ndelstr. 18<br \/>\nD-76185 Karlsruhe<br \/>\nTelefon: +49 (0) 721 466 534 2<br \/>\nFax: +49 (0) 3212 113 425 2<br \/>\nGesch\u00e4ftsf\u00fchrer, nach \u00a7 6 MDSTV verantwortlich f\u00fcr den Inhalt:<br \/>\nJonathan Denner und Daniel Rech<br \/>\nHandelsregister Amtsgericht Mannheim<br \/>\nHRB 718573<br \/>\nUmsatzsteuer-Identifikationsnummer:<br \/>\nDE 293 130 684<\/p>\n<p>Haftungsausschluss<\/p>\n<p>1. Inhalt der Webpr\u00e4sentation<\/p>\n<p>Die Inhalte dieser Website werden mit gr\u00f6\u00dftm\u00f6glicher Sorgfalt erstellt. Der Anbieter \u00fcbernimmt jedoch keine Gew\u00e4hr f\u00fcr die Richtigkeit, Vollst\u00e4ndigkeit und Aktualit\u00e4t der bereitgestellten Inhalte. Die Nutzung der Inhalte der Website erfolgt auf eigene Gefahr des Nutzers. Namentlich gekennzeichnete Beitr\u00e4ge geben die Meinung des jeweiligen Autors und nicht immer die Meinung des Anbieters wieder. Mit der reinen Nutzung der Website des Anbieters kommt keinerlei Vertragsverh\u00e4ltnis zwischen dem Nutzer und dem Anbieter zustande. Der Anbieter beh\u00e4lt es sich ausdr\u00fccklich vor, einzelne Seiten oder das gesamte Onlineangebot ohne vorhergehende Ank\u00fcndigung zu ver\u00e4ndern, zu erg\u00e4nzen, zu l\u00f6schen oder das Angebot auf bestimmte Zeit oder auch endg\u00fcltig einzustellen.<\/p>\n<p>2. Verweise und Links<\/p>\n<p>Diese Website enth\u00e4lt Verkn\u00fcpfungen zu Websites Dritter (\u201cexterne Links\u201d). Diese Websites unterliegen der Haftung der jeweiligen Betreiber. Der Anbieter hat bei der erstmaligen Verkn\u00fcpfung der externen Links die fremden Inhalte daraufhin \u00fcberpr\u00fcft, ob etwaige Rechtsverst\u00f6\u00dfe bestehen. Zu dem Zeitpunkt waren keine Rechtsverst\u00f6\u00dfe ersichtlich. Der Anbieter hat keinerlei Einfluss auf die aktuelle und zuk\u00fcnftige Gestaltung und auf die Inhalte der verkn\u00fcpften Seiten. Das Setzen von externen Links bedeutet nicht, dass sich der Anbieter die hinter dem Verweis oder Link liegenden Inhalte zu Eigen macht. Eine st\u00e4ndige Kontrolle dieser externen Links ist f\u00fcr den Anbieter ohne konkrete Hinweise auf Rechtsverst\u00f6\u00dfe nicht zumutbar. Bei Kenntnis von Rechtsverst\u00f6\u00dfen werden jedoch derartige externe Links unverz\u00fcglich gel\u00f6scht.<\/p>\n<p>3. Urheber- und Kennzeichenrecht<\/p>\n<p>(Copyright) Die auf dieser Website ver\u00f6ffentlichten Inhalte unterliegen dem deutschen Urheber- und Leistungsschutzrecht. Jede vom deutschen Urheber- und Leistungsschutzrecht nicht zugelassene Verwertung bedarf der vorherigen schriftlichen Zustimmung des Anbieters oder jeweiligen Rechteinhabers. Dies gilt insbesondere f\u00fcr Vervielf\u00e4ltigung, Bearbeitung, \u00dcbersetzung, Einspeicherung, Verarbeitung bzw.Wiedergabe von Inhalten in Datenbanken oder anderen elektronischen Medien und Systemen. Inhalte und Rechte Dritter sind dabei als solche gekennzeichnet.Das Copyright f\u00fcr ver\u00f6ffentlichte, vom Betreiber selbst angefertigte Objekte bleibt allein beim Betreiber der Seiten. Eine Vervielf\u00e4ltigung oder Verwendung solcher Grafiken, Tondokumente,Bildmaterialien, Film- und Videoausschnitte und Texte in anderen elektronischen oder gedruckten Medien und Publikationen ist ohne die ausdr\u00fcckliche Erlaubnis des Betreibers nicht gestattet.<\/p>\n<p>4. Rechtswirksamkeit dieses Haftungsausschlusses<\/p>\n<p>Dieser Haftungsausschluss ist als Teil des Internetangebotes anzusehen, von welchem aus auf diese Inhalte hier verwiesen wurde. Sofern einzelne Inhalte oder einzelne Formulierungen dieses Textes der aktuellen Rechtslage nicht, nicht mehr oder nicht ausnahmslos entsprechen sollten, bleiben dennoch die \u00fcbrigen Bereiche des Dokumentes in ihrem Inhalt und ihrer G\u00fcltigkeit davon unber\u00fchrt.<\/p>\n<p>5. Datenschutz<\/p>\n<p>Durch den Besuch der Website des Anbieters k\u00f6nnen Informationen \u00fcber den Zugriff (Datum, Uhrzeit, betrachtete Seite) gespeichert werden. Diese Daten geh\u00f6ren nicht zu den personenbezogenen Daten, sondern sind anonymisiert. Sie werden ausschlie\u00dflich zu statistischen Zwecken ausgewertet. Eine Weitergabe an Dritte, zu kommerziellen oder nichtkommerziellen Zwecken, findet nicht statt. Die Verwendung der Kontaktdaten des Impressums zur gewerblichen Werbung ist ausdr\u00fccklich nicht erw\u00fcnscht, es sei denn der Anbieter hatte zuvor seine schriftliche Einwilligung erteilt oder es besteht bereits eine Gesch\u00e4ftsbeziehung. Der Anbieter u nd alle auf dieser Website genannten Personen widersprechen hiermit jeder kommerziellen Verwendung und Weitergabe ihrer Daten. Um unsere Webseiten und Dienste weiter zu verbessern, erhebt NETSYNO im Rahmen der Nutzung statistische Daten, die zu keiner Zeit einer bestimmten oder bestimmbaren Person zugeordnet werden k\u00f6nnen. NETSYNO benutzt Google Analytics, einen Webanalysedienst der Google Inc. (\u201eGoogle\u201d). Da NETSYNO Google Analytics mit der Erweiterung \u201eanonymizeIP\u201c verwendet wird Deine IP-Adresse nur gek\u00fcrzt weiterverarbeitet. Google Analytics verwendet ebenfalls Cookies. Die Speicherung und \u00dcbermittlung erfolgt stets erst nach der Anonymisierung. Die Anonymisierung erfolgt auf Servern innerhalb von Mitgliedstaaten der Europ\u00e4ischen Union oder in anderen Vertragsstaaten des Abkommens \u00fcber den Europ\u00e4ischen Wirtschaftsraum. Nur in Ausnahmef\u00e4llen, wenn es z.B. zu technischen Ausf\u00e4llen in Europa kommt, kann es notwendig werden, dass die volle IP-Adresse an einen Server von Google in den USA \u00fcbertragen und dort gek\u00fcrzt wird. Die durch den Cookie erzeugten Informationen \u00fcber Deine Benutzung dieser Website, (einschlie\u00dflich Deiner um die drei Stellen gek\u00fcrzten IP-Adresse) werden an einen Server von Google in den USA \u00fcbertragen und dort gespeichert. Google wird diese Informationen benutzen, um Deine Nutzung der Website auszuwerten, um Reports \u00fcber die Websiteaktivit\u00e4ten f\u00fcr die Websitebetreiber zusammenzustellen und um weitere mit der Websitenutzung und der Internetnutzung verbundene Dienstleistungen zu erbringen. Auch wird Google diese Informationen gegebenenfalls an Dritte \u00fcbertragen, sofern dies gesetzlich vorgeschrieben ist oder soweit Dritte diese Daten im Auftrag von Google verarbeiten. Google wird in keinem Fall Deine IP-Adresse mit anderen Daten von Google in Verbindung bringen. Du kannst Google Analytics mittels eines Browser Add-ons deaktivieren, wenn du die Webseitenanalyse nicht w\u00fcnschst. Dieses kannst du hier runterladen:<br \/>\nhttp:\/\/tools.google.com\/dlpage\/gaoptout?hl=-de.<\/p>\n","protected":false},"excerpt":{"rendered":"<p>Dieses Impressum nach \u00a7 5 TMG gilt f\u00fcr die Internetpr\u00e4senzen http:\/\/netsyno.com\/ http:\/\/www.inopai.com, http:\/\/fb.com\/netsyno\/ http:\/\/fb.com\/inopaisoftware\/. Firma: NETSYNO Software GmbH Elektronische Kontaktaufnahme: E-Mail: info@netsyno.com Internet: http:\/\/netsyno.com H\u00e4ndelstr. 18 D-76185 Karlsruhe Telefon: +49 (0) 721 466 534 2 Fax: +49 (0) 3212 113 425 2 Gesch\u00e4ftsf\u00fchrer, nach \u00a7 6 MDSTV verantwortlich f\u00fcr den Inhalt: Jonathan Denner und Daniel [&hellip;]<\/p>\n","protected":false},"author":2,"featured_media":0,"parent":0,"menu_order":0,"comment_status":"closed","ping_status":"closed","template":"","meta":[],"acf":[],"_links":{"self":[{"href":"https:\/\/inopai.com\/page\/wp-json\/wp\/v2\/pages\/392"}],"collection":[{"href":"https:\/\/inopai.com\/page\/wp-json\/wp\/v2\/pages"}],"about":[{"href":"https:\/\/inopai.com\/page\/wp-json\/wp\/v2\/types\/page"}],"author":[{"embeddable":true,"href":"https:\/\/inopai.com\/page\/wp-json\/wp\/v2\/users\/2"}],"replies":[{"embeddable":true,"href":"https:\/\/inopai.com\/page\/wp-json\/wp\/v2\/comments?post=392"}],"version-history":[{"count":8,"href":"https:\/\/inopai.com\/page\/wp-json\/wp\/v2\/pages\/392\/revisions"}],"predecessor-version":[{"id":553,"href":"https:\/\/inopai.com\/page\/wp-json\/wp\/v2\/pages\/392\/revisions\/553"}],"wp:attachment":[{"href":"https:\/\/inopai.com\/page\/wp-json\/wp\/v2\/media?parent=392"}],"curies":[{"name":"wp","href":"https:\/\/api.w.org\/{rel}","templated":true}]}}